{"id":2,"date":"2020-06-20T20:31:43","date_gmt":"2020-06-20T18:31:43","guid":{"rendered":"https:\/\/www.hih-albachten.de\/?page_id=2"},"modified":"2023-03-12T16:09:40","modified_gmt":"2023-03-12T15:09:40","slug":"startseite","status":"publish","type":"page","link":"https:\/\/www.hih-albachten.de\/?page_id=2","title":{"rendered":"Unser Verein &#8211; unser Webauftritt"},"content":{"rendered":"\n<h2 class=\"wp-block-heading\">Wer wir sind<\/h2>\n\n\n\n<p>2020 wurde der Verein &#8222;Hand in Hand Albachten e.V.&#8220; gegr\u00fcndet.<br>Der Verein verfolgt ausschlie\u00dflich gemeinn\u00fctzige Zwecke i. S. d. \u00a7\u00a7 58 ff. AO.<br>Unser Adventskalender ist als Lotterie beim Ordnungsamt angemeldet, die Gewinnzahlen werden unter notarieller Aufsicht gezogen.<\/p>\n\n\n\n<h2 class=\"wp-block-heading\">Was wir tun<\/h2>\n\n\n\n<p>Seit 2019 engagieren wir uns ehrenamtlich und sammeln Spenden f\u00fcr den Albachtener Adventskalender. Mit einem Teil aus dem Erl\u00f6s unters\u00fctzen wir Projekte in Albachten. <\/p>\n\n\n\n<p>2019 haben wir die Kinder- und Jugendeinrichtung Albatros (<a rel=\"noreferrer noopener\" href=\"https:\/\/www.awo-msl-re.de\/awo-vor-ort\/vo-ms\/jugendeinrichtung-albatros\/albatros.html\" target=\"_blank\">https:\/\/www.awo-msl-re.de\/awo-vor-ort\/vo-ms\/jugendeinrichtung-albatros\/albatros.html<\/a>) und das &#8222;Fu\u00dfballferiencamp&#8220; des SV Concordia Albachten (<a rel=\"noreferrer noopener\" href=\"https:\/\/www.concordia-albachten.de\/jugend\" target=\"_blank\">https:\/\/www.concordia-albachten.de\/jugend<\/a>) unterst\u00fctzt. <a rel=\"noreferrer noopener\" href=\"https:\/\/www.wn.de\/Muenster\/Stadtteile\/Albachten\/4099263-Albachtener-Adventskalender-Spende-fuer-Albatros-und-SV-Concordia\" target=\"_blank\">Hier der Beitrag aus der WN<\/a><\/p>\n\n\n\n<p>Mit dem Erl\u00f6s aus dem Kalenderverkauf im Jahr 2020 unterst\u00fctzen wir die Wiederherstellung der G\u00e4nse des G\u00e4nsebrunnens  (<a href=\"https:\/\/www.wn.de\/muenster\/stadtteile\/albachten\/ruckkehr-des-gansetrios-im-visier-1067739\">https:\/\/www.wn.de\/muenster\/stadtteile\/albachten\/ruckkehr-des-gansetrios-im-visier-1067739<\/a>) und die Gestaltung des Schulgartens der Ludgerus Schule Albachten.<\/p>\n\n\n\n<p><\/p>\n","protected":false},"excerpt":{"rendered":"<p>Wer wir sind 2020 wurde der Verein &#8222;Hand in Hand Albachten e.V.&#8220; gegr\u00fcndet.Der Verein verfolgt ausschlie\u00dflich gemeinn\u00fctzige Zwecke i. S. d. \u00a7\u00a7 58 ff. AO.Unser Adventskalender ist als Lotterie beim Ordnungsamt angemeldet, die Gewinnzahlen werden unter notarieller Aufsicht gezogen. Was wir tun Seit 2019 engagieren wir uns ehrenamtlich und sammeln Spenden f\u00fcr den Albachtener Adventskalender.&hellip;<\/p>\n","protected":false},"author":1,"featured_media":0,"parent":0,"menu_order":0,"comment_status":"closed","ping_status":"closed","template":"","meta":{"footnotes":""},"class_list":["post-2","page","type-page","status-publish","hentry"],"_links":{"self":[{"href":"https:\/\/www.hih-albachten.de\/index.php?rest_route=\/wp\/v2\/pages\/2","targetHints":{"allow":["GET"]}}],"collection":[{"href":"https:\/\/www.hih-albachten.de\/index.php?rest_route=\/wp\/v2\/pages"}],"about":[{"href":"https:\/\/www.hih-albachten.de\/index.php?rest_route=\/wp\/v2\/types\/page"}],"author":[{"embeddable":true,"href":"https:\/\/www.hih-albachten.de\/index.php?rest_route=\/wp\/v2\/users\/1"}],"replies":[{"embeddable":true,"href":"https:\/\/www.hih-albachten.de\/index.php?rest_route=%2Fwp%2Fv2%2Fcomments&post=2"}],"version-history":[{"count":24,"href":"https:\/\/www.hih-albachten.de\/index.php?rest_route=\/wp\/v2\/pages\/2\/revisions"}],"predecessor-version":[{"id":565,"href":"https:\/\/www.hih-albachten.de\/index.php?rest_route=\/wp\/v2\/pages\/2\/revisions\/565"}],"wp:attachment":[{"href":"https:\/\/www.hih-albachten.de\/index.php?rest_route=%2Fwp%2Fv2%2Fmedia&parent=2"}],"curies":[{"name":"wp","href":"https:\/\/api.w.org\/{rel}","templated":true}]}}