{"id":136,"date":"2020-06-22T14:49:42","date_gmt":"2020-06-22T12:49:42","guid":{"rendered":"https:\/\/www.hih-albachten.de\/?page_id=136"},"modified":"2025-09-25T15:42:39","modified_gmt":"2025-09-25T13:42:39","slug":"kalender-2020","status":"publish","type":"page","link":"https:\/\/www.hih-albachten.de\/?page_id=136","title":{"rendered":"Kalender 2025"},"content":{"rendered":"\n<p>So sieht der neue Kalender f\u00fcr das Jahr 2025 aus:<\/p>\n\n\n\n<figure class=\"wp-block-image size-large\"><img loading=\"lazy\" decoding=\"async\" width=\"1024\" height=\"813\" src=\"https:\/\/www.hih-albachten.de\/wp-content\/uploads\/2025\/09\/image-1024x813.png\" alt=\"\" class=\"wp-image-731\" srcset=\"https:\/\/www.hih-albachten.de\/wp-content\/uploads\/2025\/09\/image-1024x813.png 1024w, https:\/\/www.hih-albachten.de\/wp-content\/uploads\/2025\/09\/image-300x238.png 300w, https:\/\/www.hih-albachten.de\/wp-content\/uploads\/2025\/09\/image-768x609.png 768w, https:\/\/www.hih-albachten.de\/wp-content\/uploads\/2025\/09\/image.png 1061w\" sizes=\"auto, (max-width: 1024px) 100vw, 1024px\" \/><\/figure>\n\n\n\n<p><\/p>\n\n\n\n<p>Vom 1. September 2025 bis zum 27. November 2025 ist er bei folgenden Vorverkaufsstellen erh\u00e4ltlich:<\/p>\n\n\n\n<p>B\u00e4ckerei Kisfeld, D\u00fclmener Str. 18, 48163 M\u00fcnster<br>Drogerie Jentschura, D\u00fclmener Str. 33, 48163 M\u00fcnster<br>Engelswiese, D\u00fclmener Stra\u00dfe 10, 48163 M\u00fcnster<\/p>\n\n\n\n<p><strong>Und so bekommen Sie Ihren Gewinn<\/strong><\/p>\n\n\n\n<p>Sie k\u00f6nnen Ihren Gewinn am 7.12., 14.12, 21.12.2025, 4.01., 11.01. und 18.01.2026 in der Zeit von 10-11:30 Uhr in der K\u00d6B (Katholische \u00f6ffentliche B\u00fccherei) St. Ludgerus, D\u00fclmener Stra\u00dfe 15, abholen.<\/p>\n\n\n\n<p><\/p>\n","protected":false},"excerpt":{"rendered":"<p>So sieht der neue Kalender f\u00fcr das Jahr 2025 aus: Vom 1. September 2025 bis zum 27. November 2025 ist er bei folgenden Vorverkaufsstellen erh\u00e4ltlich: B\u00e4ckerei Kisfeld, D\u00fclmener Str. 18, 48163 M\u00fcnsterDrogerie Jentschura, D\u00fclmener Str. 33, 48163 M\u00fcnsterEngelswiese, D\u00fclmener Stra\u00dfe 10, 48163 M\u00fcnster Und so bekommen Sie Ihren Gewinn Sie k\u00f6nnen Ihren Gewinn am 7.12.,&hellip;<\/p>\n","protected":false},"author":1,"featured_media":0,"parent":0,"menu_order":0,"comment_status":"closed","ping_status":"closed","template":"","meta":{"footnotes":""},"class_list":["post-136","page","type-page","status-publish","hentry"],"_links":{"self":[{"href":"https:\/\/www.hih-albachten.de\/index.php?rest_route=\/wp\/v2\/pages\/136","targetHints":{"allow":["GET"]}}],"collection":[{"href":"https:\/\/www.hih-albachten.de\/index.php?rest_route=\/wp\/v2\/pages"}],"about":[{"href":"https:\/\/www.hih-albachten.de\/index.php?rest_route=\/wp\/v2\/types\/page"}],"author":[{"embeddable":true,"href":"https:\/\/www.hih-albachten.de\/index.php?rest_route=\/wp\/v2\/users\/1"}],"replies":[{"embeddable":true,"href":"https:\/\/www.hih-albachten.de\/index.php?rest_route=%2Fwp%2Fv2%2Fcomments&post=136"}],"version-history":[{"count":30,"href":"https:\/\/www.hih-albachten.de\/index.php?rest_route=\/wp\/v2\/pages\/136\/revisions"}],"predecessor-version":[{"id":741,"href":"https:\/\/www.hih-albachten.de\/index.php?rest_route=\/wp\/v2\/pages\/136\/revisions\/741"}],"wp:attachment":[{"href":"https:\/\/www.hih-albachten.de\/index.php?rest_route=%2Fwp%2Fv2%2Fmedia&parent=136"}],"curies":[{"name":"wp","href":"https:\/\/api.w.org\/{rel}","templated":true}]}}